{"id":1407,"date":"2019-11-19T16:22:56","date_gmt":"2019-11-19T16:22:56","guid":{"rendered":"https:\/\/accordiafiduciaria.ch\/index.php\/privacy-policy\/"},"modified":"2024-02-28T18:27:59","modified_gmt":"2024-02-28T18:27:59","slug":"privacy-policy","status":"publish","type":"page","link":"https:\/\/accordiafiduciaria.ch\/de\/index.php\/privacy-policy\/","title":{"rendered":"Privacy Policy"},"content":{"rendered":"<!--themify_builder_content-->\n<div id=\"themify_builder_content-1407\" data-postid=\"1407\" class=\"themify_builder_content themify_builder_content-1407 themify_builder tf_clear\">\n    \t\t\t\t<div  data-lazy=\"1\" class=\"module_row themify_builder_row tb_zwmf67 tb_first tf_w\">\n\t\t\t\t\t\t<div class=\"row_inner col_align_top tb_col_count_1 tf_box tf_rel\">\n\t\t\t\t\t\t<div  data-lazy=\"1\" class=\"module_column tb-column col-full tb_mpxs68 first\">\n\t\t\t\t\t<!-- module text -->\n<div  class=\"module module-text tb_zh2p854   \" data-lazy=\"1\">\n\t    <div  class=\"tb_text_wrap\">\n\t\t<h1>Datenschutzerkl\u00e4rung f\u00fcr Accordia Fiduciaria e Revisioni Sagl<\/h1>\n<p><span style=\"color: #938e85;\">Bei accordiafiduciaria.ch, aufrufbar unter https:\/\/accordiafiduciaria.ch, ist die Privatsph\u00e4re unserer Besucher eine unserer Hauptpriorit\u00e4ten. Dieses Datenschutzdokument enth\u00e4lt Arten von Informationen, die von accordiafiduciaria.ch gesammelt und aufgezeichnet werden, und wie wir sie verwenden.<\/span><\/p>\n<p><span style=\"color: #938e85;\">Wenn Sie weitere Fragen haben oder weitere Informationen zu unseren Datenschutzbestimmungen ben\u00f6tigen, z\u00f6gern Sie nicht, uns zu kontaktieren.<\/span><\/p>\n<h6>Protokolldateien<\/h6>\n<p><span style=\"color: #938e85;\">accordiafiduciaria.ch folgt einem Standardverfahren zur Verwendung von Protokolldateien. Diese Dateien protokollieren Besucher, wenn sie Websites besuchen. Alle Hosting-Unternehmen tun dies und einen Teil der Analyse der Hosting-Services. Die von Protokolldateien gesammelten Informationen umfassen IP-Adressen (Internet Protocol), Browsertyp, Internetdienstanbieter (Internet Service Provider, ISP), Datums- und Zeitstempel, Verweis- \/ Beendigungsseiten und m\u00f6glicherweise die Anzahl der Klicks. Diese sind nicht mit personenbezogenen Daten verkn\u00fcpft. Der Zweck der Informationen besteht darin, Trends zu analysieren, die Website zu verwalten, die Bewegungen der Benutzer auf der Website zu verfolgen und demografische Informationen zu sammeln.<\/span><\/p>\n<h2>\u00a0<\/h2>\n<h6>Cookies und Web Beacons<\/h6>\n<p><span style=\"color: #938e85;\">Accordiafiduciaria.ch verwendet wie jede andere Website sog. Cookies. Diese Cookies werden verwendet, um Informationen zu speichern, einschlie\u00dflich der Pr\u00e4ferenzen der Besucher und der Seiten auf der Website, auf die der Besucher zugegriffen oder die er besucht hat. Die Informationen werden verwendet, um die Benutzererfahrung zu optimieren, indem der Inhalt unserer Webseiten basierend auf dem Browsertyp der Besucher und \/ oder anderen Informationen angepasst wird.<\/span><\/p>\n<h2>\u00a0<\/h2>\n<h6>Datenschutzrichtlinien<\/h6>\n<p><span style=\"color: #938e85;\">In dieser Liste finden Sie die Datenschutzbestimmungen f\u00fcr jeden Werbepartner von accordiafiduciaria.ch. Unsere Datenschutzrichtlinie wurde mit Hilfe des Generators f\u00fcr Datenschutzrichtlinien und des Generate Privacy Policy Generator erstellt.<\/span><\/p>\n<p><span style=\"color: #938e85;\">Ad-Server oder Ad-Netzwerke von Drittanbietern verwenden Technologien wie Cookies, JavaScript oder Web Beacons, die in ihren jeweiligen Anzeigen verwendet werden, und Links, die auf accordiafiduciaria.ch erscheinen und direkt an den Browser der Benutzer gesendet werden. Sie erhalten in diesem Fall automatisch Ihre IP-Adresse. Diese Technologien werden verwendet, um die Wirksamkeit ihrer Werbekampagnen zu messen und \/ oder den Werbeinhalt, den Sie auf von Ihnen besuchten Websites sehen, zu personalisieren.<\/span><\/p>\n<p><span style=\"color: #938e85;\">Beachten Sie, dass accordiafiduciaria.ch keinen Zugriff auf oder keine Kontrolle \u00fcber diese Cookies hat, die von Werbekunden Dritter verwendet werden.<\/span><\/p>\n<h2>\u00a0<\/h2>\n<h6>Datenschutzrichtlinien von Drittanbietern<\/h6>\n<p><span style=\"color: #938e85;\">Die Datenschutzrichtlinie von accordiafiduciaria.ch gilt nicht f\u00fcr andere Inserenten oder Websites. Aus diesem Grund empfehlen wir Ihnen, die jeweiligen Datenschutzrichtlinien dieser Ad-Server von Drittanbietern zu Rate zu ziehen, um detailliertere Informationen zu erhalten. Es kann ihre Vorgehensweisen und Anweisungen zum Deaktivieren bestimmter Optionen enthalten. Eine vollst\u00e4ndige Liste dieser Datenschutzrichtlinien und ihrer Links finden Sie hier: Datenschutzrichtlinien-Links.<\/span><\/p>\n<p><span style=\"color: #938e85;\">Sie k\u00f6nnen Cookies \u00fcber Ihre individuellen Browseroptionen deaktivieren. Ausf\u00fchrlichere Informationen zur Cookie-Verwaltung mit bestimmten Webbrowsern finden Sie auf den jeweiligen Websites der Browser. Was sind Cookies?<\/span><\/p>\n<h2>\u00a0<\/h2>\n<h6>Informationen f\u00fcr Kinder<\/h6>\n<p><span style=\"color: #938e85;\">Ein weiterer Schwerpunkt liegt auf dem Schutz von Kindern bei der Nutzung des Internets. Wir ermutigen Eltern und Erziehungsberechtigte, ihre Online-Aktivit\u00e4ten zu beobachten, daran teilzunehmen und \/ oder zu \u00fcberwachen und zu leiten.<\/span><\/p>\n<p><span style=\"color: #938e85;\">accordiafiduciaria.ch sammelt wissentlich keine personenbezogenen Daten von Kindern unter 13 Jahren. Wenn Sie der Meinung sind, dass Ihr Kind diese Informationen auf unserer Website zur Verf\u00fcgung gestellt hat, empfehlen wir Ihnen dringend, uns umgehend zu kontaktieren, und wir werden unser Bestes tun, um Entfernen Sie solche Informationen unverz\u00fcglich aus unseren Unterlagen.<\/span><\/p>\n<h2>\u00a0<\/h2>\n<h6>Nur Online-Datenschutzbestimmungen<\/h6>\n<p><span style=\"color: #938e85;\">Diese Datenschutzerkl\u00e4rung gilt nur f\u00fcr unsere Online-Aktivit\u00e4ten und gilt f\u00fcr Besucher unserer Website in Bezug auf die Informationen, die sie in accordiafiduciaria.ch geteilt und \/ oder gesammelt haben. Diese Richtlinie gilt nicht f\u00fcr Informationen, die offline oder \u00fcber andere Kan\u00e4le als diese Website erfasst werden.<\/span><\/p>\n<h6>\u00a0<\/h6>\n<h6>Zustimmung<\/h6>\n<p><span style=\"color: #938e85;\">Durch die Nutzung unserer Website erkl\u00e4ren Sie sich hiermit mit unseren Datenschutzbestimmungen einverstanden und stimmen deren Allgemeinen Gesch\u00e4ftsbedingungen zu.<\/span><\/p>    <\/div>\n<\/div>\n<!-- \/module text -->\t\t<\/div>\n\t\t\t\t\t\t<\/div>\n\t\t<\/div>\n\t\t<\/div>\n<!--\/themify_builder_content-->","protected":false},"excerpt":{"rendered":"<p>Datenschutzerkl\u00e4rung f\u00fcr Accordia Fiduciaria e Revisioni Sagl Bei accordiafiduciaria.ch, aufrufbar unter https:\/\/accordiafiduciaria.ch, ist die Privatsph\u00e4re unserer Besucher eine unserer Hauptpriorit\u00e4ten. Dieses Datenschutzdokument enth\u00e4lt Arten von Informationen, die von accordiafiduciaria.ch gesammelt und aufgezeichnet werden, und wie wir sie verwenden. Wenn Sie weitere Fragen haben oder weitere Informationen zu unseren Datenschutzbestimmungen ben\u00f6tigen, z\u00f6gern Sie nicht, uns zu [&hellip;]<\/p>\n","protected":false},"author":1,"featured_media":0,"parent":0,"menu_order":0,"comment_status":"closed","ping_status":"closed","template":"","meta":{"footnotes":""},"class_list":["post-1407","page","type-page","status-publish","hentry","has-post-title","has-post-date","has-post-category","has-post-tag","has-post-comment","has-post-author",""],"yoast_head":"<!-- This site is optimized with the Yoast SEO plugin v24.5 - https:\/\/yoast.com\/wordpress\/plugins\/seo\/ -->\n<title>Privacy Policy - Accordia fiduciaria e revisioni<\/title>\n<meta name=\"robots\" content=\"index, follow, max-snippet:-1, max-image-preview:large, max-video-preview:-1\" \/>\n<link rel=\"canonical\" href=\"https:\/\/accordiafiduciaria.ch\/de\/index.php\/privacy-policy\/\" \/>\n<meta property=\"og:locale\" content=\"de_DE\" \/>\n<meta property=\"og:type\" content=\"article\" \/>\n<meta property=\"og:title\" content=\"Privacy Policy - Accordia fiduciaria e revisioni\" \/>\n<meta property=\"og:description\" content=\"Datenschutzerkl\u00e4rung f\u00fcr Accordia Fiduciaria e Revisioni Sagl Bei accordiafiduciaria.ch, aufrufbar unter https:\/\/accordiafiduciaria.ch, ist die Privatsph\u00e4re unserer Besucher eine unserer Hauptpriorit\u00e4ten. Dieses Datenschutzdokument enth\u00e4lt Arten von Informationen, die von accordiafiduciaria.ch gesammelt und aufgezeichnet werden, und wie wir sie verwenden. Wenn Sie weitere Fragen haben oder weitere Informationen zu unseren Datenschutzbestimmungen ben\u00f6tigen, z\u00f6gern Sie nicht, uns zu [&hellip;]\" \/>\n<meta property=\"og:url\" content=\"https:\/\/accordiafiduciaria.ch\/de\/index.php\/privacy-policy\/\" \/>\n<meta property=\"og:site_name\" content=\"Accordia fiduciaria e revisioni\" \/>\n<meta property=\"article:modified_time\" content=\"2024-02-28T18:27:59+00:00\" \/>\n<meta name=\"twitter:card\" content=\"summary_large_image\" \/>\n<meta name=\"twitter:label1\" content=\"Gesch\u00e4tzte Lesezeit\" \/>\n\t<meta name=\"twitter:data1\" content=\"3\u00a0Minuten\" \/>\n<script type=\"application\/ld+json\" class=\"yoast-schema-graph\">{\"@context\":\"https:\/\/schema.org\",\"@graph\":[{\"@type\":\"WebPage\",\"@id\":\"https:\/\/accordiafiduciaria.ch\/de\/index.php\/privacy-policy\/\",\"url\":\"https:\/\/accordiafiduciaria.ch\/de\/index.php\/privacy-policy\/\",\"name\":\"Privacy Policy - Accordia fiduciaria e revisioni\",\"isPartOf\":{\"@id\":\"https:\/\/accordiafiduciaria.ch\/de\/#website\"},\"datePublished\":\"2019-11-19T16:22:56+00:00\",\"dateModified\":\"2024-02-28T18:27:59+00:00\",\"breadcrumb\":{\"@id\":\"https:\/\/accordiafiduciaria.ch\/de\/index.php\/privacy-policy\/#breadcrumb\"},\"inLanguage\":\"de\",\"potentialAction\":[{\"@type\":\"ReadAction\",\"target\":[\"https:\/\/accordiafiduciaria.ch\/de\/index.php\/privacy-policy\/\"]}]},{\"@type\":\"BreadcrumbList\",\"@id\":\"https:\/\/accordiafiduciaria.ch\/de\/index.php\/privacy-policy\/#breadcrumb\",\"itemListElement\":[{\"@type\":\"ListItem\",\"position\":1,\"name\":\"Home\",\"item\":\"https:\/\/accordiafiduciaria.ch\/de\/index.php\/home\/\"},{\"@type\":\"ListItem\",\"position\":2,\"name\":\"Privacy Policy\"}]},{\"@type\":\"WebSite\",\"@id\":\"https:\/\/accordiafiduciaria.ch\/de\/#website\",\"url\":\"https:\/\/accordiafiduciaria.ch\/de\/\",\"name\":\"Accordia fiduciaria e revisioni\",\"description\":\"Fiduciara, revisioni, contabilit\u00e0, amministrazione, gestione personale,\",\"potentialAction\":[{\"@type\":\"SearchAction\",\"target\":{\"@type\":\"EntryPoint\",\"urlTemplate\":\"https:\/\/accordiafiduciaria.ch\/de\/?s={search_term_string}\"},\"query-input\":{\"@type\":\"PropertyValueSpecification\",\"valueRequired\":true,\"valueName\":\"search_term_string\"}}],\"inLanguage\":\"de\"}]}<\/script>\n<!-- \/ Yoast SEO plugin. -->","yoast_head_json":{"title":"Privacy Policy - Accordia fiduciaria e revisioni","robots":{"index":"index","follow":"follow","max-snippet":"max-snippet:-1","max-image-preview":"max-image-preview:large","max-video-preview":"max-video-preview:-1"},"canonical":"https:\/\/accordiafiduciaria.ch\/de\/index.php\/privacy-policy\/","og_locale":"de_DE","og_type":"article","og_title":"Privacy Policy - Accordia fiduciaria e revisioni","og_description":"Datenschutzerkl\u00e4rung f\u00fcr Accordia Fiduciaria e Revisioni Sagl Bei accordiafiduciaria.ch, aufrufbar unter https:\/\/accordiafiduciaria.ch, ist die Privatsph\u00e4re unserer Besucher eine unserer Hauptpriorit\u00e4ten. Dieses Datenschutzdokument enth\u00e4lt Arten von Informationen, die von accordiafiduciaria.ch gesammelt und aufgezeichnet werden, und wie wir sie verwenden. Wenn Sie weitere Fragen haben oder weitere Informationen zu unseren Datenschutzbestimmungen ben\u00f6tigen, z\u00f6gern Sie nicht, uns zu [&hellip;]","og_url":"https:\/\/accordiafiduciaria.ch\/de\/index.php\/privacy-policy\/","og_site_name":"Accordia fiduciaria e revisioni","article_modified_time":"2024-02-28T18:27:59+00:00","twitter_card":"summary_large_image","twitter_misc":{"Gesch\u00e4tzte Lesezeit":"3\u00a0Minuten"},"schema":{"@context":"https:\/\/schema.org","@graph":[{"@type":"WebPage","@id":"https:\/\/accordiafiduciaria.ch\/de\/index.php\/privacy-policy\/","url":"https:\/\/accordiafiduciaria.ch\/de\/index.php\/privacy-policy\/","name":"Privacy Policy - Accordia fiduciaria e revisioni","isPartOf":{"@id":"https:\/\/accordiafiduciaria.ch\/de\/#website"},"datePublished":"2019-11-19T16:22:56+00:00","dateModified":"2024-02-28T18:27:59+00:00","breadcrumb":{"@id":"https:\/\/accordiafiduciaria.ch\/de\/index.php\/privacy-policy\/#breadcrumb"},"inLanguage":"de","potentialAction":[{"@type":"ReadAction","target":["https:\/\/accordiafiduciaria.ch\/de\/index.php\/privacy-policy\/"]}]},{"@type":"BreadcrumbList","@id":"https:\/\/accordiafiduciaria.ch\/de\/index.php\/privacy-policy\/#breadcrumb","itemListElement":[{"@type":"ListItem","position":1,"name":"Home","item":"https:\/\/accordiafiduciaria.ch\/de\/index.php\/home\/"},{"@type":"ListItem","position":2,"name":"Privacy Policy"}]},{"@type":"WebSite","@id":"https:\/\/accordiafiduciaria.ch\/de\/#website","url":"https:\/\/accordiafiduciaria.ch\/de\/","name":"Accordia fiduciaria e revisioni","description":"Fiduciara, revisioni, contabilit\u00e0, amministrazione, gestione personale,","potentialAction":[{"@type":"SearchAction","target":{"@type":"EntryPoint","urlTemplate":"https:\/\/accordiafiduciaria.ch\/de\/?s={search_term_string}"},"query-input":{"@type":"PropertyValueSpecification","valueRequired":true,"valueName":"search_term_string"}}],"inLanguage":"de"}]}},"builder_content":"<h1>Datenschutzerkl\u00e4rung f\u00fcr Accordia Fiduciaria e Revisioni Sagl<\/h1> <p>Bei accordiafiduciaria.ch, aufrufbar unter https:\/\/accordiafiduciaria.ch, ist die Privatsph\u00e4re unserer Besucher eine unserer Hauptpriorit\u00e4ten. Dieses Datenschutzdokument enth\u00e4lt Arten von Informationen, die von accordiafiduciaria.ch gesammelt und aufgezeichnet werden, und wie wir sie verwenden.<\/p> <p>Wenn Sie weitere Fragen haben oder weitere Informationen zu unseren Datenschutzbestimmungen ben\u00f6tigen, z\u00f6gern Sie nicht, uns zu kontaktieren.<\/p> <h6>Protokolldateien<\/h6> <p>accordiafiduciaria.ch folgt einem Standardverfahren zur Verwendung von Protokolldateien. Diese Dateien protokollieren Besucher, wenn sie Websites besuchen. Alle Hosting-Unternehmen tun dies und einen Teil der Analyse der Hosting-Services. Die von Protokolldateien gesammelten Informationen umfassen IP-Adressen (Internet Protocol), Browsertyp, Internetdienstanbieter (Internet Service Provider, ISP), Datums- und Zeitstempel, Verweis- \/ Beendigungsseiten und m\u00f6glicherweise die Anzahl der Klicks. Diese sind nicht mit personenbezogenen Daten verkn\u00fcpft. Der Zweck der Informationen besteht darin, Trends zu analysieren, die Website zu verwalten, die Bewegungen der Benutzer auf der Website zu verfolgen und demografische Informationen zu sammeln.<\/p> <h2>\u00a0<\/h2> <h6>Cookies und Web Beacons<\/h6> <p>Accordiafiduciaria.ch verwendet wie jede andere Website sog. Cookies. Diese Cookies werden verwendet, um Informationen zu speichern, einschlie\u00dflich der Pr\u00e4ferenzen der Besucher und der Seiten auf der Website, auf die der Besucher zugegriffen oder die er besucht hat. Die Informationen werden verwendet, um die Benutzererfahrung zu optimieren, indem der Inhalt unserer Webseiten basierend auf dem Browsertyp der Besucher und \/ oder anderen Informationen angepasst wird.<\/p> <h2>\u00a0<\/h2> <h6>Datenschutzrichtlinien<\/h6> <p>In dieser Liste finden Sie die Datenschutzbestimmungen f\u00fcr jeden Werbepartner von accordiafiduciaria.ch. Unsere Datenschutzrichtlinie wurde mit Hilfe des Generators f\u00fcr Datenschutzrichtlinien und des Generate Privacy Policy Generator erstellt.<\/p> <p>Ad-Server oder Ad-Netzwerke von Drittanbietern verwenden Technologien wie Cookies, JavaScript oder Web Beacons, die in ihren jeweiligen Anzeigen verwendet werden, und Links, die auf accordiafiduciaria.ch erscheinen und direkt an den Browser der Benutzer gesendet werden. Sie erhalten in diesem Fall automatisch Ihre IP-Adresse. Diese Technologien werden verwendet, um die Wirksamkeit ihrer Werbekampagnen zu messen und \/ oder den Werbeinhalt, den Sie auf von Ihnen besuchten Websites sehen, zu personalisieren.<\/p> <p>Beachten Sie, dass accordiafiduciaria.ch keinen Zugriff auf oder keine Kontrolle \u00fcber diese Cookies hat, die von Werbekunden Dritter verwendet werden.<\/p> <h2>\u00a0<\/h2> <h6>Datenschutzrichtlinien von Drittanbietern<\/h6> <p>Die Datenschutzrichtlinie von accordiafiduciaria.ch gilt nicht f\u00fcr andere Inserenten oder Websites. Aus diesem Grund empfehlen wir Ihnen, die jeweiligen Datenschutzrichtlinien dieser Ad-Server von Drittanbietern zu Rate zu ziehen, um detailliertere Informationen zu erhalten. Es kann ihre Vorgehensweisen und Anweisungen zum Deaktivieren bestimmter Optionen enthalten. Eine vollst\u00e4ndige Liste dieser Datenschutzrichtlinien und ihrer Links finden Sie hier: Datenschutzrichtlinien-Links.<\/p> <p>Sie k\u00f6nnen Cookies \u00fcber Ihre individuellen Browseroptionen deaktivieren. Ausf\u00fchrlichere Informationen zur Cookie-Verwaltung mit bestimmten Webbrowsern finden Sie auf den jeweiligen Websites der Browser. Was sind Cookies?<\/p> <h2>\u00a0<\/h2> <h6>Informationen f\u00fcr Kinder<\/h6> <p>Ein weiterer Schwerpunkt liegt auf dem Schutz von Kindern bei der Nutzung des Internets. Wir ermutigen Eltern und Erziehungsberechtigte, ihre Online-Aktivit\u00e4ten zu beobachten, daran teilzunehmen und \/ oder zu \u00fcberwachen und zu leiten.<\/p> <p>accordiafiduciaria.ch sammelt wissentlich keine personenbezogenen Daten von Kindern unter 13 Jahren. Wenn Sie der Meinung sind, dass Ihr Kind diese Informationen auf unserer Website zur Verf\u00fcgung gestellt hat, empfehlen wir Ihnen dringend, uns umgehend zu kontaktieren, und wir werden unser Bestes tun, um Entfernen Sie solche Informationen unverz\u00fcglich aus unseren Unterlagen.<\/p> <h2>\u00a0<\/h2> <h6>Nur Online-Datenschutzbestimmungen<\/h6> <p>Diese Datenschutzerkl\u00e4rung gilt nur f\u00fcr unsere Online-Aktivit\u00e4ten und gilt f\u00fcr Besucher unserer Website in Bezug auf die Informationen, die sie in accordiafiduciaria.ch geteilt und \/ oder gesammelt haben. Diese Richtlinie gilt nicht f\u00fcr Informationen, die offline oder \u00fcber andere Kan\u00e4le als diese Website erfasst werden.<\/p> <h6>\u00a0<\/h6> <h6>Zustimmung<\/h6> <p>Durch die Nutzung unserer Website erkl\u00e4ren Sie sich hiermit mit unseren Datenschutzbestimmungen einverstanden und stimmen deren Allgemeinen Gesch\u00e4ftsbedingungen zu.<\/p>","_links":{"self":[{"href":"https:\/\/accordiafiduciaria.ch\/de\/index.php\/wp-json\/wp\/v2\/pages\/1407","targetHints":{"allow":["GET"]}}],"collection":[{"href":"https:\/\/accordiafiduciaria.ch\/de\/index.php\/wp-json\/wp\/v2\/pages"}],"about":[{"href":"https:\/\/accordiafiduciaria.ch\/de\/index.php\/wp-json\/wp\/v2\/types\/page"}],"author":[{"embeddable":true,"href":"https:\/\/accordiafiduciaria.ch\/de\/index.php\/wp-json\/wp\/v2\/users\/1"}],"replies":[{"embeddable":true,"href":"https:\/\/accordiafiduciaria.ch\/de\/index.php\/wp-json\/wp\/v2\/comments?post=1407"}],"version-history":[{"count":2,"href":"https:\/\/accordiafiduciaria.ch\/de\/index.php\/wp-json\/wp\/v2\/pages\/1407\/revisions"}],"predecessor-version":[{"id":1413,"href":"https:\/\/accordiafiduciaria.ch\/de\/index.php\/wp-json\/wp\/v2\/pages\/1407\/revisions\/1413"}],"wp:attachment":[{"href":"https:\/\/accordiafiduciaria.ch\/de\/index.php\/wp-json\/wp\/v2\/media?parent=1407"}],"curies":[{"name":"wp","href":"https:\/\/api.w.org\/{rel}","templated":true}]}}