{"id":1161,"date":"2019-11-19T16:22:56","date_gmt":"2019-11-19T16:22:56","guid":{"rendered":"https:\/\/accordiafiduciaria.ch\/?page_id=1161"},"modified":"2024-02-28T18:25:58","modified_gmt":"2024-02-28T18:25:58","slug":"privacy-policy-2","status":"publish","type":"page","link":"https:\/\/accordiafiduciaria.ch\/index.php\/privacy-policy-2\/","title":{"rendered":"Privacy Policy"},"content":{"rendered":"<!--themify_builder_content-->\n<div id=\"themify_builder_content-1161\" data-postid=\"1161\" class=\"themify_builder_content themify_builder_content-1161 themify_builder tf_clear\">\n    \t\t\t\t<div  data-lazy=\"1\" class=\"module_row themify_builder_row tb_zwmf67 tb_first tf_w\">\n\t\t\t\t\t\t<div class=\"row_inner col_align_top tb_col_count_1 tf_box tf_rel\">\n\t\t\t\t\t\t<div  data-lazy=\"1\" class=\"module_column tb-column col-full tb_mpxs68 first\">\n\t\t\t\t\t<!-- module text -->\n<div  class=\"module module-text tb_zh2p854   \" data-lazy=\"1\">\n\t    <div  class=\"tb_text_wrap\">\n\t\t<h1>Informativa sulla privacy per Accordia Fiduciaria e Revisioni Sagl<\/h1>\n<p><span style=\"color: #938e85;\">Su accordiafiduciaria.ch, accessibile da https:\/\/accordiafiduciaria.ch, una delle nostre priorit\u00e0 principali \u00e8 la privacy dei nostri visitatori. La presente informativa sulla privacy contiene i tipi di informazioni raccolte e registrate da accordiafiduciaria.ch e il modo in cui le utilizziamo.<\/span><\/p>\n<p><span style=\"color: #938e85;\">Se hai ulteriori domande o richiedi ulteriori informazioni sulla nostra Informativa sulla privacy, non esitare a contattarci.<\/span><\/p>\n<h2>\u00a0<\/h2>\n<h6>Log files<\/h6>\n<p><span style=\"color: #938e85;\">accordiafiduciaria.ch segue una procedura standard per l&#8217;utilizzo dei file di registro. Questi file registrano i visitatori quando visitano i siti Web. Tutte le societ\u00e0 di hosting fanno questo e parte dell&#8217;analisi dei servizi di hosting. Le informazioni raccolte dai file di registro includono indirizzi IP (Internet Protocol), tipo di browser, Internet Service Provider (ISP), data e ora, pagine di riferimento \/ uscita e possibilmente il numero di clic. Questi non sono collegati ad alcuna informazione che sia identificabile personalmente. Lo scopo delle informazioni \u00e8 di analizzare le tendenze, amministrare il sito, tenere traccia dei movimenti degli utenti sul sito Web e raccogliere informazioni demografiche.<\/span><\/p>\n<h2>\u00a0<\/h2>\n<h6>Cookie e Web Beacon<\/h6>\n<p><span style=\"color: #938e85;\">Come qualsiasi altro sito Web, accordiafiduciaria.ch utilizza i &#8220;cookie&#8221;. Questi cookie vengono utilizzati per archiviare informazioni tra cui le preferenze dei visitatori e le pagine del sito Web a cui il visitatore ha avuto accesso o visitato. Le informazioni vengono utilizzate per ottimizzare l&#8217;esperienza degli utenti personalizzando il contenuto della nostra pagina Web in base al tipo di browser dei visitatori e \/ o altre informazioni.<\/span><\/p>\n<h6>Informativa sulla privacy<\/h6>\n<p><span style=\"color: #938e85;\">\u00c8 possibile consultare questo elenco per trovare l&#8217;informativa sulla privacy per ciascuno dei partner pubblicitari di accordiafiduciaria.ch. La nostra politica sulla privacy \u00e8 stata creata con l&#8217;aiuto del generatore di norme sulla privacy e del generatore di norme sulla privacy.<\/span><\/p>\n<p><span style=\"color: #938e85;\">Gli ad server o le reti pubblicitarie di terze parti utilizzano tecnologie come cookie, JavaScript o Web Beacon utilizzati nelle rispettive pubblicit\u00e0 e collegamenti che compaiono su accordiafiduciaria.ch, che vengono inviati direttamente al browser degli utenti. In questo caso, ricevono automaticamente il tuo indirizzo IP. Queste tecnologie sono utilizzate per misurare l&#8217;efficacia delle loro campagne pubblicitarie e \/ o per personalizzare il contenuto pubblicitario che vedi sui siti web che visiti.<\/span><\/p>\n<p><span style=\"color: #938e85;\">Si noti che accordiafiduciaria.ch non ha accesso o controllo su questi cookie utilizzati da inserzionisti di terze parti.<\/span><\/p>\n<h6>Informative sulla privacy di terzi<\/h6>\n<p><span style=\"color: #938e85;\">La politica sulla privacy di accordiafiduciaria.ch non si applica ad altri inserzionisti o siti Web. Pertanto, ti consigliamo di consultare le rispettive Politiche sulla privacy di questi ad server di terze parti per informazioni pi\u00f9 dettagliate. Pu\u00f2 includere le loro pratiche e istruzioni su come rinunciare a determinate opzioni. \u00c8 possibile trovare un elenco completo di queste politiche sulla privacy e dei relativi collegamenti qui: Collegamenti sulla politica sulla privacy.<\/span><\/p>\n<p><span style=\"color: #938e85;\">Puoi scegliere di disabilitare i cookie tramite le opzioni del tuo browser. Per conoscere informazioni pi\u00f9 dettagliate sulla gestione dei cookie con browser Web specifici, \u00e8 possibile trovarli nei rispettivi siti Web dei browser. Cosa sono i cookie<\/span><\/p>\n<p><span style=\"color: #938e85;\">Informazioni per bambini<\/span><\/p>\n<p><span style=\"color: #938e85;\">Un&#8217;altra parte della nostra priorit\u00e0 \u00e8 l&#8217;aggiunta di protezione per i bambini durante l&#8217;utilizzo di Internet. Incoraggiamo genitori e tutori a osservare, partecipare e \/ o monitorare e guidare la loro attivit\u00e0 online.<\/span><\/p>\n<p><span style=\"color: #938e85;\">accordiafiduciaria.ch non raccoglie consapevolmente alcuna informazione personale identificabile da bambini di et\u00e0 inferiore ai 13 anni. Se ritieni che tuo figlio abbia fornito questo tipo di informazioni sul nostro sito Web, ti consigliamo vivamente di contattarci immediatamente e faremo del nostro meglio per rimuovere tempestivamente tali informazioni dai nostri archivi.<\/span><\/p>\n<p><span style=\"color: #938e85;\">Informativa sulla privacy online<\/span><\/p>\n<p><span style=\"color: #938e85;\">La presente Informativa sulla privacy si applica solo alle nostre attivit\u00e0 online ed \u00e8 valida per i visitatori del nostro sito Web per quanto riguarda le informazioni che hanno condiviso e \/ o raccolto in accordiafiduciaria.ch. Questa politica non \u00e8 applicabile alle informazioni raccolte offline o tramite canali diversi da questo sito Web.<\/span><\/p>\n<h6>\u00a0<\/h6>\n<h6>Consenso<\/h6>\n<p><span style=\"color: #938e85;\">Utilizzando il nostro sito Web, acconsenti alla nostra Informativa sulla privacy e accetti i suoi Termini e condizioni.<\/span><\/p>    <\/div>\n<\/div>\n<!-- \/module text -->\t\t<\/div>\n\t\t\t\t\t\t<\/div>\n\t\t<\/div>\n\t\t<\/div>\n<!--\/themify_builder_content-->","protected":false},"excerpt":{"rendered":"<p>Informativa sulla privacy per Accordia Fiduciaria e Revisioni Sagl Su accordiafiduciaria.ch, accessibile da https:\/\/accordiafiduciaria.ch, una delle nostre priorit\u00e0 principali \u00e8 la privacy dei nostri visitatori. La presente informativa sulla privacy contiene i tipi di informazioni raccolte e registrate da accordiafiduciaria.ch e il modo in cui le utilizziamo. Se hai ulteriori domande o richiedi ulteriori informazioni [&hellip;]<\/p>\n","protected":false},"author":1,"featured_media":0,"parent":0,"menu_order":0,"comment_status":"closed","ping_status":"closed","template":"","meta":{"footnotes":""},"class_list":["post-1161","page","type-page","status-publish","hentry","has-post-title","has-post-date","has-post-category","has-post-tag","has-post-comment","has-post-author",""],"yoast_head":"<!-- This site is optimized with the Yoast SEO plugin v24.5 - https:\/\/yoast.com\/wordpress\/plugins\/seo\/ -->\n<title>Privacy Policy - Accordia fiduciaria e revisioni<\/title>\n<meta name=\"robots\" content=\"index, follow, max-snippet:-1, max-image-preview:large, max-video-preview:-1\" \/>\n<link rel=\"canonical\" href=\"https:\/\/accordiafiduciaria.ch\/index.php\/privacy-policy-2\/\" \/>\n<meta property=\"og:locale\" content=\"it_IT\" \/>\n<meta property=\"og:type\" content=\"article\" \/>\n<meta property=\"og:title\" content=\"Privacy Policy - Accordia fiduciaria e revisioni\" \/>\n<meta property=\"og:description\" content=\"Informativa sulla privacy per Accordia Fiduciaria e Revisioni Sagl Su accordiafiduciaria.ch, accessibile da https:\/\/accordiafiduciaria.ch, una delle nostre priorit\u00e0 principali \u00e8 la privacy dei nostri visitatori. La presente informativa sulla privacy contiene i tipi di informazioni raccolte e registrate da accordiafiduciaria.ch e il modo in cui le utilizziamo. Se hai ulteriori domande o richiedi ulteriori informazioni [&hellip;]\" \/>\n<meta property=\"og:url\" content=\"https:\/\/accordiafiduciaria.ch\/index.php\/privacy-policy-2\/\" \/>\n<meta property=\"og:site_name\" content=\"Accordia fiduciaria e revisioni\" \/>\n<meta property=\"article:modified_time\" content=\"2024-02-28T18:25:58+00:00\" \/>\n<meta name=\"twitter:card\" content=\"summary_large_image\" \/>\n<meta name=\"twitter:label1\" content=\"Tempo di lettura stimato\" \/>\n\t<meta name=\"twitter:data1\" content=\"3 minuti\" \/>\n<script type=\"application\/ld+json\" class=\"yoast-schema-graph\">{\"@context\":\"https:\/\/schema.org\",\"@graph\":[{\"@type\":\"WebPage\",\"@id\":\"https:\/\/accordiafiduciaria.ch\/index.php\/privacy-policy-2\/\",\"url\":\"https:\/\/accordiafiduciaria.ch\/index.php\/privacy-policy-2\/\",\"name\":\"Privacy Policy - Accordia fiduciaria e revisioni\",\"isPartOf\":{\"@id\":\"https:\/\/accordiafiduciaria.ch\/#website\"},\"datePublished\":\"2019-11-19T16:22:56+00:00\",\"dateModified\":\"2024-02-28T18:25:58+00:00\",\"breadcrumb\":{\"@id\":\"https:\/\/accordiafiduciaria.ch\/index.php\/privacy-policy-2\/#breadcrumb\"},\"inLanguage\":\"it-IT\",\"potentialAction\":[{\"@type\":\"ReadAction\",\"target\":[\"https:\/\/accordiafiduciaria.ch\/index.php\/privacy-policy-2\/\"]}]},{\"@type\":\"BreadcrumbList\",\"@id\":\"https:\/\/accordiafiduciaria.ch\/index.php\/privacy-policy-2\/#breadcrumb\",\"itemListElement\":[{\"@type\":\"ListItem\",\"position\":1,\"name\":\"Home\",\"item\":\"https:\/\/accordiafiduciaria.ch\/\"},{\"@type\":\"ListItem\",\"position\":2,\"name\":\"Privacy Policy\"}]},{\"@type\":\"WebSite\",\"@id\":\"https:\/\/accordiafiduciaria.ch\/#website\",\"url\":\"https:\/\/accordiafiduciaria.ch\/\",\"name\":\"Accordia fiduciaria e revisioni\",\"description\":\"Fiduciara, revisioni, contabilit\u00e0, amministrazione, gestione personale,\",\"potentialAction\":[{\"@type\":\"SearchAction\",\"target\":{\"@type\":\"EntryPoint\",\"urlTemplate\":\"https:\/\/accordiafiduciaria.ch\/?s={search_term_string}\"},\"query-input\":{\"@type\":\"PropertyValueSpecification\",\"valueRequired\":true,\"valueName\":\"search_term_string\"}}],\"inLanguage\":\"it-IT\"}]}<\/script>\n<!-- \/ Yoast SEO plugin. -->","yoast_head_json":{"title":"Privacy Policy - Accordia fiduciaria e revisioni","robots":{"index":"index","follow":"follow","max-snippet":"max-snippet:-1","max-image-preview":"max-image-preview:large","max-video-preview":"max-video-preview:-1"},"canonical":"https:\/\/accordiafiduciaria.ch\/index.php\/privacy-policy-2\/","og_locale":"it_IT","og_type":"article","og_title":"Privacy Policy - Accordia fiduciaria e revisioni","og_description":"Informativa sulla privacy per Accordia Fiduciaria e Revisioni Sagl Su accordiafiduciaria.ch, accessibile da https:\/\/accordiafiduciaria.ch, una delle nostre priorit\u00e0 principali \u00e8 la privacy dei nostri visitatori. La presente informativa sulla privacy contiene i tipi di informazioni raccolte e registrate da accordiafiduciaria.ch e il modo in cui le utilizziamo. Se hai ulteriori domande o richiedi ulteriori informazioni [&hellip;]","og_url":"https:\/\/accordiafiduciaria.ch\/index.php\/privacy-policy-2\/","og_site_name":"Accordia fiduciaria e revisioni","article_modified_time":"2024-02-28T18:25:58+00:00","twitter_card":"summary_large_image","twitter_misc":{"Tempo di lettura stimato":"3 minuti"},"schema":{"@context":"https:\/\/schema.org","@graph":[{"@type":"WebPage","@id":"https:\/\/accordiafiduciaria.ch\/index.php\/privacy-policy-2\/","url":"https:\/\/accordiafiduciaria.ch\/index.php\/privacy-policy-2\/","name":"Privacy Policy - Accordia fiduciaria e revisioni","isPartOf":{"@id":"https:\/\/accordiafiduciaria.ch\/#website"},"datePublished":"2019-11-19T16:22:56+00:00","dateModified":"2024-02-28T18:25:58+00:00","breadcrumb":{"@id":"https:\/\/accordiafiduciaria.ch\/index.php\/privacy-policy-2\/#breadcrumb"},"inLanguage":"it-IT","potentialAction":[{"@type":"ReadAction","target":["https:\/\/accordiafiduciaria.ch\/index.php\/privacy-policy-2\/"]}]},{"@type":"BreadcrumbList","@id":"https:\/\/accordiafiduciaria.ch\/index.php\/privacy-policy-2\/#breadcrumb","itemListElement":[{"@type":"ListItem","position":1,"name":"Home","item":"https:\/\/accordiafiduciaria.ch\/"},{"@type":"ListItem","position":2,"name":"Privacy Policy"}]},{"@type":"WebSite","@id":"https:\/\/accordiafiduciaria.ch\/#website","url":"https:\/\/accordiafiduciaria.ch\/","name":"Accordia fiduciaria e revisioni","description":"Fiduciara, revisioni, contabilit\u00e0, amministrazione, gestione personale,","potentialAction":[{"@type":"SearchAction","target":{"@type":"EntryPoint","urlTemplate":"https:\/\/accordiafiduciaria.ch\/?s={search_term_string}"},"query-input":{"@type":"PropertyValueSpecification","valueRequired":true,"valueName":"search_term_string"}}],"inLanguage":"it-IT"}]}},"builder_content":"<h1>Informativa sulla privacy per Accordia Fiduciaria e Revisioni Sagl<\/h1> <p>Su accordiafiduciaria.ch, accessibile da https:\/\/accordiafiduciaria.ch, una delle nostre priorit\u00e0 principali \u00e8 la privacy dei nostri visitatori. La presente informativa sulla privacy contiene i tipi di informazioni raccolte e registrate da accordiafiduciaria.ch e il modo in cui le utilizziamo.<\/p> <p>Se hai ulteriori domande o richiedi ulteriori informazioni sulla nostra Informativa sulla privacy, non esitare a contattarci.<\/p> <h2>\u00a0<\/h2> <h6>Log files<\/h6> <p>accordiafiduciaria.ch segue una procedura standard per l'utilizzo dei file di registro. Questi file registrano i visitatori quando visitano i siti Web. Tutte le societ\u00e0 di hosting fanno questo e parte dell'analisi dei servizi di hosting. Le informazioni raccolte dai file di registro includono indirizzi IP (Internet Protocol), tipo di browser, Internet Service Provider (ISP), data e ora, pagine di riferimento \/ uscita e possibilmente il numero di clic. Questi non sono collegati ad alcuna informazione che sia identificabile personalmente. Lo scopo delle informazioni \u00e8 di analizzare le tendenze, amministrare il sito, tenere traccia dei movimenti degli utenti sul sito Web e raccogliere informazioni demografiche.<\/p> <h2>\u00a0<\/h2> <h6>Cookie e Web Beacon<\/h6> <p>Come qualsiasi altro sito Web, accordiafiduciaria.ch utilizza i \"cookie\". Questi cookie vengono utilizzati per archiviare informazioni tra cui le preferenze dei visitatori e le pagine del sito Web a cui il visitatore ha avuto accesso o visitato. Le informazioni vengono utilizzate per ottimizzare l'esperienza degli utenti personalizzando il contenuto della nostra pagina Web in base al tipo di browser dei visitatori e \/ o altre informazioni.<\/p> <h6>Informativa sulla privacy<\/h6> <p>\u00c8 possibile consultare questo elenco per trovare l'informativa sulla privacy per ciascuno dei partner pubblicitari di accordiafiduciaria.ch. La nostra politica sulla privacy \u00e8 stata creata con l'aiuto del generatore di norme sulla privacy e del generatore di norme sulla privacy.<\/p> <p>Gli ad server o le reti pubblicitarie di terze parti utilizzano tecnologie come cookie, JavaScript o Web Beacon utilizzati nelle rispettive pubblicit\u00e0 e collegamenti che compaiono su accordiafiduciaria.ch, che vengono inviati direttamente al browser degli utenti. In questo caso, ricevono automaticamente il tuo indirizzo IP. Queste tecnologie sono utilizzate per misurare l'efficacia delle loro campagne pubblicitarie e \/ o per personalizzare il contenuto pubblicitario che vedi sui siti web che visiti.<\/p> <p>Si noti che accordiafiduciaria.ch non ha accesso o controllo su questi cookie utilizzati da inserzionisti di terze parti.<\/p> <h6>Informative sulla privacy di terzi<\/h6> <p>La politica sulla privacy di accordiafiduciaria.ch non si applica ad altri inserzionisti o siti Web. Pertanto, ti consigliamo di consultare le rispettive Politiche sulla privacy di questi ad server di terze parti per informazioni pi\u00f9 dettagliate. Pu\u00f2 includere le loro pratiche e istruzioni su come rinunciare a determinate opzioni. \u00c8 possibile trovare un elenco completo di queste politiche sulla privacy e dei relativi collegamenti qui: Collegamenti sulla politica sulla privacy.<\/p> <p>Puoi scegliere di disabilitare i cookie tramite le opzioni del tuo browser. Per conoscere informazioni pi\u00f9 dettagliate sulla gestione dei cookie con browser Web specifici, \u00e8 possibile trovarli nei rispettivi siti Web dei browser. Cosa sono i cookie<\/p> <p>Informazioni per bambini<\/p> <p>Un'altra parte della nostra priorit\u00e0 \u00e8 l'aggiunta di protezione per i bambini durante l'utilizzo di Internet. Incoraggiamo genitori e tutori a osservare, partecipare e \/ o monitorare e guidare la loro attivit\u00e0 online.<\/p> <p>accordiafiduciaria.ch non raccoglie consapevolmente alcuna informazione personale identificabile da bambini di et\u00e0 inferiore ai 13 anni. Se ritieni che tuo figlio abbia fornito questo tipo di informazioni sul nostro sito Web, ti consigliamo vivamente di contattarci immediatamente e faremo del nostro meglio per rimuovere tempestivamente tali informazioni dai nostri archivi.<\/p> <p>Informativa sulla privacy online<\/p> <p>La presente Informativa sulla privacy si applica solo alle nostre attivit\u00e0 online ed \u00e8 valida per i visitatori del nostro sito Web per quanto riguarda le informazioni che hanno condiviso e \/ o raccolto in accordiafiduciaria.ch. Questa politica non \u00e8 applicabile alle informazioni raccolte offline o tramite canali diversi da questo sito Web.<\/p> <h6>\u00a0<\/h6> <h6>Consenso<\/h6> <p>Utilizzando il nostro sito Web, acconsenti alla nostra Informativa sulla privacy e accetti i suoi Termini e condizioni.<\/p>","_links":{"self":[{"href":"https:\/\/accordiafiduciaria.ch\/index.php\/wp-json\/wp\/v2\/pages\/1161","targetHints":{"allow":["GET"]}}],"collection":[{"href":"https:\/\/accordiafiduciaria.ch\/index.php\/wp-json\/wp\/v2\/pages"}],"about":[{"href":"https:\/\/accordiafiduciaria.ch\/index.php\/wp-json\/wp\/v2\/types\/page"}],"author":[{"embeddable":true,"href":"https:\/\/accordiafiduciaria.ch\/index.php\/wp-json\/wp\/v2\/users\/1"}],"replies":[{"embeddable":true,"href":"https:\/\/accordiafiduciaria.ch\/index.php\/wp-json\/wp\/v2\/comments?post=1161"}],"version-history":[{"count":15,"href":"https:\/\/accordiafiduciaria.ch\/index.php\/wp-json\/wp\/v2\/pages\/1161\/revisions"}],"predecessor-version":[{"id":1410,"href":"https:\/\/accordiafiduciaria.ch\/index.php\/wp-json\/wp\/v2\/pages\/1161\/revisions\/1410"}],"wp:attachment":[{"href":"https:\/\/accordiafiduciaria.ch\/index.php\/wp-json\/wp\/v2\/media?parent=1161"}],"curies":[{"name":"wp","href":"https:\/\/api.w.org\/{rel}","templated":true}]}}